{"id":22,"date":"2014-10-03T20:55:37","date_gmt":"2014-10-03T18:55:37","guid":{"rendered":"http:\/\/www.kainos.no\/?page_id=22"},"modified":"2015-01-14T11:56:17","modified_gmt":"2015-01-14T10:56:17","slug":"hjem","status":"publish","type":"page","link":"https:\/\/www.kainos.no\/?page_id=22","title":{"rendered":"Hjem"},"content":{"rendered":"<h3><strong>Velkommen til STIFTELSEN\u00a0 KAINOS -NY KURS<\/strong> !<\/h3>\n<h3>En stiftelse som har som m\u00e5l \u00e5 hjelpe legarbeidere med \u00e5 forkynne det evige evangelium som beskrevet i \u00c5penbaringsboken 14:6-12. Du kan v\u00e6re med \u00e5 gi din st\u00f8tte i dag. ved midler eller ved \u00e5 tilby \u00e5 hjelpe med det du er flink til.<\/h3>\n<p>Bli litt bedre kjent med stiftelsens form\u00e5l, st\u00f8tte til prosjekter, litteratur og kommende m\u00f8ter ved \u00e5 klikke p\u00e5 linkene p\u00e5 toppen..<\/p>\n<p>Vi holder for tiden p\u00e5 med \u00e5 legge om sidene.<\/p>\n<p>Takk for at du bes\u00f8kte oss!<\/p>\n<h3><a href=\"http:\/\/www.kainos.no\/wp-content\/uploads\/angel-messages.jpg\"><img loading=\"lazy\" decoding=\"async\" class=\"alignnone size-full wp-image-225\" src=\"http:\/\/www.kainos.no\/wp-content\/uploads\/angel-messages.jpg\" alt=\"angel-messages\" width=\"286\" height=\"176\" \/><\/a><\/h3>\n","protected":false},"excerpt":{"rendered":"<p>Velkommen til STIFTELSEN\u00a0 KAINOS -NY KURS ! En stiftelse som har som m\u00e5l \u00e5 hjelpe legarbeidere med \u00e5 forkynne det evige evangelium som beskrevet i \u00c5penbaringsboken 14:6-12. Du kan v\u00e6re med \u00e5 gi din st\u00f8tte i dag. ved midler eller &hellip; <a href=\"https:\/\/www.kainos.no\/?page_id=22\">Les videre <span class=\"meta-nav\">&rarr;<\/span><\/a><\/p>\n","protected":false},"author":1,"featured_media":0,"parent":11,"menu_order":0,"comment_status":"closed","ping_status":"closed","template":"","meta":{"footnotes":""},"class_list":["post-22","page","type-page","status-publish","hentry"],"_links":{"self":[{"href":"https:\/\/www.kainos.no\/index.php?rest_route=\/wp\/v2\/pages\/22","targetHints":{"allow":["GET"]}}],"collection":[{"href":"https:\/\/www.kainos.no\/index.php?rest_route=\/wp\/v2\/pages"}],"about":[{"href":"https:\/\/www.kainos.no\/index.php?rest_route=\/wp\/v2\/types\/page"}],"author":[{"embeddable":true,"href":"https:\/\/www.kainos.no\/index.php?rest_route=\/wp\/v2\/users\/1"}],"replies":[{"embeddable":true,"href":"https:\/\/www.kainos.no\/index.php?rest_route=%2Fwp%2Fv2%2Fcomments&post=22"}],"version-history":[{"count":5,"href":"https:\/\/www.kainos.no\/index.php?rest_route=\/wp\/v2\/pages\/22\/revisions"}],"predecessor-version":[{"id":227,"href":"https:\/\/www.kainos.no\/index.php?rest_route=\/wp\/v2\/pages\/22\/revisions\/227"}],"up":[{"embeddable":true,"href":"https:\/\/www.kainos.no\/index.php?rest_route=\/wp\/v2\/pages\/11"}],"wp:attachment":[{"href":"https:\/\/www.kainos.no\/index.php?rest_route=%2Fwp%2Fv2%2Fmedia&parent=22"}],"curies":[{"name":"wp","href":"https:\/\/api.w.org\/{rel}","templated":true}]}}