{"id":11,"date":"2014-10-02T21:50:22","date_gmt":"2014-10-02T19:50:22","guid":{"rendered":"http:\/\/www.kainos.no\/?page_id=11"},"modified":"2014-10-08T14:36:43","modified_gmt":"2014-10-08T12:36:43","slug":"om-oss","status":"publish","type":"page","link":"https:\/\/www.kainos.no\/?page_id=11","title":{"rendered":"Om stiftelsen"},"content":{"rendered":"<p><strong>Hvordan vi gj\u00f8r det?<\/strong><br \/>\nStyret vil prioritere st\u00f8tte etter gjeldende \u00e5rsplaner laget av styret hvert \u00e5r. \u00c5rsplanene vil vedtas i.h.t stiftelsens form\u00e5l.<\/p>\n<p><strong>M\u00f8teserier<\/strong><br \/>\nVi kj\u00f8rer m\u00f8teserier som er varierte med ulike tema, og disse blir annonsert i lokal presse evt foldere og oppslag. Stiftelsen yter bistand til m\u00f8te og reisevirksomhet (feks. leie av lokaler, annonser, reklame)<\/p>\n<p><strong>DVD<\/strong><br \/>\nDet er mulig \u00e5 f\u00e5 opptak av flere av m\u00f8tene som er arrangert og vil bli arrangert framover.<br \/>\nKontakt oss gjerne om dette.<br \/>\nFlere av m\u00f8tene kan ogs\u00e5 ses p\u00e5 www.bibelTV.no.<\/p>\n<p><strong>Vedlikehold og innkj\u00f8p av film og produksjonsutstyr<\/strong><br \/>\nStiftelsen vil selv holde film og produksjonsutstyr til egne produksjoner, men ogs\u00e5 gi st\u00f8tte til andre legfolk som arbeider med \u00e5 lage produksjoner i.h.t. stiftelsens form\u00e5l. F.eks. har det v\u00f8rt gitt st\u00f8tte til Bible Detectives.<\/p>\n<p>Stiftelsen vil derfor yte bistand til produksjon og spredning av litteratur, traktater, CD og DVD produsert av andre enn stiftelsen.<\/p>\n<p>Stiftelsen har blant annet gitt st\u00f8tte til trykk av hefter som: \u201dBeredelse for senregnet\u201d, \u201dKristi Guddommelighet ved C.S.Longacre\u201d og boka \u201dPaulus og Loven\u201d .<\/p>\n<p><strong>Vi kan ogs\u00e5 vurdere \u00f8konomisk bistand til misjonsprosjekter i utlandet.<\/strong><br \/>\n(Dersom det kommer inn nok midler).<br \/>\nMye godt legarbeid gj\u00f8res i andre land. Stiftelsen vil prim\u00e6rt st\u00f8tte det arbeidet som gj\u00f8res av \u201cShare Him\u201d og st\u00f8tte legarbeidere som vil reise ut i trening og i tjeneste.<\/p>\n<p><strong>Budskapet ut til de tusen hjem er v\u00e5rt m\u00e5l!<\/strong><br \/>\nMini-m\u00f8teserier avholdes flere steder, med ulike akt\u00f8rer som forkynner endetidens budskap.<\/p>\n<p>Budskap formidles videre via filmopptak fra m\u00f8tene<br \/>\nFilmer settes sammen og legges over p\u00e5 en DVD<\/p>\n<p>Filmer, b\u00f8ker og blader annonseres i aviser<br \/>\nInteresserte ringer inn bestillinger, og filmer sendes ut.<\/p>\n<p><strong>Ingen av stiftelsens midler vil dekke l\u00f8nnsutgifter, men kan betale for tjenester som er gjort for stiftelsen.<\/strong><\/p>\n","protected":false},"excerpt":{"rendered":"<p>Hvordan vi gj\u00f8r det? Styret vil prioritere st\u00f8tte etter gjeldende \u00e5rsplaner laget av styret hvert \u00e5r. \u00c5rsplanene vil vedtas i.h.t stiftelsens form\u00e5l. M\u00f8teserier Vi kj\u00f8rer m\u00f8teserier som er varierte med ulike tema, og disse blir annonsert i lokal presse evt &hellip; <a href=\"https:\/\/www.kainos.no\/?page_id=11\">Les videre <span class=\"meta-nav\">&rarr;<\/span><\/a><\/p>\n","protected":false},"author":1,"featured_media":0,"parent":0,"menu_order":0,"comment_status":"closed","ping_status":"closed","template":"","meta":{"footnotes":""},"class_list":["post-11","page","type-page","status-publish","hentry"],"_links":{"self":[{"href":"https:\/\/www.kainos.no\/index.php?rest_route=\/wp\/v2\/pages\/11","targetHints":{"allow":["GET"]}}],"collection":[{"href":"https:\/\/www.kainos.no\/index.php?rest_route=\/wp\/v2\/pages"}],"about":[{"href":"https:\/\/www.kainos.no\/index.php?rest_route=\/wp\/v2\/types\/page"}],"author":[{"embeddable":true,"href":"https:\/\/www.kainos.no\/index.php?rest_route=\/wp\/v2\/users\/1"}],"replies":[{"embeddable":true,"href":"https:\/\/www.kainos.no\/index.php?rest_route=%2Fwp%2Fv2%2Fcomments&post=11"}],"version-history":[{"count":4,"href":"https:\/\/www.kainos.no\/index.php?rest_route=\/wp\/v2\/pages\/11\/revisions"}],"predecessor-version":[{"id":50,"href":"https:\/\/www.kainos.no\/index.php?rest_route=\/wp\/v2\/pages\/11\/revisions\/50"}],"wp:attachment":[{"href":"https:\/\/www.kainos.no\/index.php?rest_route=%2Fwp%2Fv2%2Fmedia&parent=11"}],"curies":[{"name":"wp","href":"https:\/\/api.w.org\/{rel}","templated":true}]}}